{"id":4322,"date":"2024-07-22T17:32:44","date_gmt":"2024-07-22T17:32:44","guid":{"rendered":"https:\/\/railen.net\/?post_type=product&#038;p=4322"},"modified":"2024-07-22T17:32:44","modified_gmt":"2024-07-22T17:32:44","slug":"cojin-lumbar-viscoelastico-negro","status":"publish","type":"product","link":"https:\/\/railen.net\/index.php\/producto\/cojin-lumbar-viscoelastico-negro\/","title":{"rendered":"COJIN LUMBAR VISCOELASTICO  NEGRO"},"content":{"rendered":"<p>COJIN LUMBAR VISCOELASTICO\u00a0 NEGRO<\/p>\n<p>Coj\u00edn lumbar viscoel\u00e1stico, que entrega como caracter\u00edsticas b\u00e1sicas: ergonom\u00eda y suavidad.<\/p>\n<p>Producto especial para aliviar el dolor de espalda, producto de largas horas de conducci\u00f3n, trabajo en oficina, mujeres embarazadas, estudiantes que deben pasar largos periodos de tiempo sentados.<\/p>\n<p>Este coj\u00edn, distribuye de manera \u00f3ptima la presi\u00f3n lumbar y, en consecuencia, apoya la circulaci\u00f3n sangu\u00ednea suave del \u00e1rea.<\/p>\n<p>INDICACIONES: Lumbalgias. Ci\u00e1tica. Escoliosis. Hernia de disco vertebral. Lesiones sacras leves y tensi\u00f3n. Fatiga o dolor por el embarazo.<\/p>\n<p>COMPONENTES: 1 coj\u00edn de espuma viscoel\u00e1stica 1 Funda transpirable y lavable 1 cinta para sujetar el coj\u00edn de la silla<\/p>\n<p>BENEFICIOS:<\/p>\n<p>Confortable: El tama\u00f1o del coj\u00edn permite un ajuste correcto de la curva de la espalda, mejorando la postura, dando apoyo a la espalda y aliviando el dolor.<\/p>\n<p>Tejido respirable. La cubierta del coj\u00edn, del lado delantero es una tela de malla que proporciona comodidad y ventilaci\u00f3n. El otro lado, utiliza tela antideslizante de alta calidad con correa ajustable que mantiene el coj\u00edn en el lugar y no se mueve.<\/p>\n<p>Dise\u00f1o ergon\u00f3mico. El coj\u00edn es espuma viscoel\u00e1stica de grado m\u00e9dico que ofrece un apoyo lumbar \u00f3ptimo. Mantiene su forma aportando soporte continuo.<\/p>\n<p>Durante su uso, la espuma viscoel\u00e1stica se ajusta a la curvatura de la espalda, brindando descanso y confort. Amplia gama de campos de aplicaci\u00f3n. para silla de oficina, cuando trabaja en la computadora, silla del auto, cuando conduce durante mucho tiempo, silla de rueda, viajes en avi\u00f3n, fatiga diaria, fatiga por el embarazo o cualquier situaci\u00f3n que requiera largos per\u00edodos de sedestaci\u00f3n.<\/p>\n<p>Est\u00e1 concebido para un l\u00edmite de peso de 120 kilos. Funda transpirable, el\u00e1stica y lavable. Libre de l\u00e1tex.<\/p>\n<p>MANTENCI\u00d3N: No modifique el coj\u00edn ni ning\u00fan componente. Si lo hace, puede da\u00f1ar el producto y anular\u00e1 la garant\u00eda. Es importante la inspecci\u00f3n permanente de la piel que tiene contacto con el producto.<\/p>\n<p>Por favor, siga las instrucciones de uso y diariamente revise la piel, para comprobar que no existe presencia de enrojecimiento o moretones.<\/p>\n<p>En caso de experimentar alguno de los anteriores s\u00edntomas, deber\u00e1 suspender de inmediato el uso del coj\u00edn.<\/p>\n<p>Mantenga el coj\u00edn alejado de objetos afilados. Cuando lave la funda, h\u00e1galo con agua, detergente neutro y colores similares.<\/p>\n","protected":false},"excerpt":{"rendered":"<p>COJIN LUMBAR VISCOELASTICO\u00a0 NEGRO Coj\u00edn lumbar viscoel\u00e1stico, que entrega como caracter\u00edsticas b\u00e1sicas: ergonom\u00eda y suavidad. Producto especial para aliviar el dolor de espalda, producto de largas horas de conducci\u00f3n, trabajo en oficina, mujeres embarazadas, estudiantes que deben pasar largos periodos de tiempo sentados. Este coj\u00edn, distribuye de manera \u00f3ptima la presi\u00f3n lumbar y, en consecuencia, [&hellip;]<\/p>\n","protected":false},"featured_media":4323,"comment_status":"open","ping_status":"closed","template":"","meta":[],"product_cat":[47],"product_tag":[],"_links":{"self":[{"href":"https:\/\/railen.net\/index.php\/wp-json\/wp\/v2\/product\/4322"}],"collection":[{"href":"https:\/\/railen.net\/index.php\/wp-json\/wp\/v2\/product"}],"about":[{"href":"https:\/\/railen.net\/index.php\/wp-json\/wp\/v2\/types\/product"}],"replies":[{"embeddable":true,"href":"https:\/\/railen.net\/index.php\/wp-json\/wp\/v2\/comments?post=4322"}],"wp:featuredmedia":[{"embeddable":true,"href":"https:\/\/railen.net\/index.php\/wp-json\/wp\/v2\/media\/4323"}],"wp:attachment":[{"href":"https:\/\/railen.net\/index.php\/wp-json\/wp\/v2\/media?parent=4322"}],"wp:term":[{"taxonomy":"product_cat","embeddable":true,"href":"https:\/\/railen.net\/index.php\/wp-json\/wp\/v2\/product_cat?post=4322"},{"taxonomy":"product_tag","embeddable":true,"href":"https:\/\/railen.net\/index.php\/wp-json\/wp\/v2\/product_tag?post=4322"}],"curies":[{"name":"wp","href":"https:\/\/api.w.org\/{rel}","templated":true}]}}