{"id":4319,"date":"2024-07-22T17:26:11","date_gmt":"2024-07-22T17:26:11","guid":{"rendered":"https:\/\/railen.net\/?post_type=product&#038;p=4319"},"modified":"2024-07-23T19:32:27","modified_gmt":"2024-07-23T19:32:27","slug":"protector-de-colchon-film","status":"publish","type":"product","link":"https:\/\/railen.net\/index.php\/producto\/protector-de-colchon-film\/","title":{"rendered":"PROTECTOR DE COLCHON FILM"},"content":{"rendered":"<p>PROTECTOR DE COLCHON FILM<\/p>\n<p>Protector confeccionado en tela de toalla 100% algod\u00f3n m\u00e1s film de poliuretano.<\/p>\n<p>Este producto cuenta con un antibacterial natural el cual funciona como una barrera contra \u00e1caros, bacterias y hongos. Impermeable, absorbente y transpirable lo cual cumple con la funci\u00f3n de eliminar el vapor de agua y de esta forma regular la temperatura.<\/p>\n<p>Film 100% poliuretano el cual se traduce en beneficios como menor peso, mayor impermeabilidad y duraci\u00f3n en condiciones de uso.<\/p>\n<p>Indicaci\u00f3n Para ser utilizadas en camas hospitalarias y uso domestico.<\/p>\n<p>Barrera contra \u00e1caros, hongos y bacterias.<\/p>\n<p>Evita el paso de fluidos corporales de paciente a la cama Indispensable para casos de incontinencia.<\/p>\n","protected":false},"excerpt":{"rendered":"<p>PROTECTOR DE COLCHON FILM Protector confeccionado en tela de toalla 100% algod\u00f3n m\u00e1s film de poliuretano. Este producto cuenta con un antibacterial natural el cual funciona como una barrera contra \u00e1caros, bacterias y hongos. Impermeable, absorbente y transpirable lo cual cumple con la funci\u00f3n de eliminar el vapor de agua y de esta forma regular [&hellip;]<\/p>\n","protected":false},"featured_media":4320,"comment_status":"open","ping_status":"closed","template":"","meta":[],"product_cat":[15,47,71],"product_tag":[],"_links":{"self":[{"href":"https:\/\/railen.net\/index.php\/wp-json\/wp\/v2\/product\/4319"}],"collection":[{"href":"https:\/\/railen.net\/index.php\/wp-json\/wp\/v2\/product"}],"about":[{"href":"https:\/\/railen.net\/index.php\/wp-json\/wp\/v2\/types\/product"}],"replies":[{"embeddable":true,"href":"https:\/\/railen.net\/index.php\/wp-json\/wp\/v2\/comments?post=4319"}],"wp:featuredmedia":[{"embeddable":true,"href":"https:\/\/railen.net\/index.php\/wp-json\/wp\/v2\/media\/4320"}],"wp:attachment":[{"href":"https:\/\/railen.net\/index.php\/wp-json\/wp\/v2\/media?parent=4319"}],"wp:term":[{"taxonomy":"product_cat","embeddable":true,"href":"https:\/\/railen.net\/index.php\/wp-json\/wp\/v2\/product_cat?post=4319"},{"taxonomy":"product_tag","embeddable":true,"href":"https:\/\/railen.net\/index.php\/wp-json\/wp\/v2\/product_tag?post=4319"}],"curies":[{"name":"wp","href":"https:\/\/api.w.org\/{rel}","templated":true}]}}