{"id":4317,"date":"2024-07-22T17:20:42","date_gmt":"2024-07-22T17:20:42","guid":{"rendered":"https:\/\/railen.net\/?post_type=product&#038;p=4317"},"modified":"2024-07-22T17:20:42","modified_gmt":"2024-07-22T17:20:42","slug":"cojin-de-flotacion-seca-cojin-antiescaras","status":"publish","type":"product","link":"https:\/\/railen.net\/index.php\/producto\/cojin-de-flotacion-seca-cojin-antiescaras\/","title":{"rendered":"COJIN DE FLOTACION SECA \/  COJ\u00cdN ANTIESCARAS"},"content":{"rendered":"<p>COJIN DE FLOTACION SECA \/ COJ\u00cdN ANTIESCARAS<\/p>\n<p>Este coj\u00edn antiescara de flotaci\u00f3n seca, est\u00e1 dise\u00f1ado para usarse con todo tipo de sillas (de ruedas, para autos, oficina, etc.). Posee un dise\u00f1o segmentado y ajustable que disminuye los puntos de presi\u00f3n que se generan por la persona permanecer largas horas sentada.<\/p>\n<p>Est\u00e1 dise\u00f1ado para adaptarse a la forma del usuario y brinda protecci\u00f3n a la piel y tejidos blandos.<\/p>\n<p>Cuenta con veinte celdas de aire interconectadas lo que permite una inmersi\u00f3n profunda al propio tiempo que ofrece soporte homog\u00e9neo y constante a lo largo de toda la superficie del asiento.<\/p>\n<p>Las diferencias de puntos de presi\u00f3n sostenidos por las celdas permite mejorar la irrigaci\u00f3n de los tejidos otorgando mayor oxigenaci\u00f3n. Est\u00e1 concebido para un l\u00edmite de peso de 143 kilos.<\/p>\n<p>Indicaciones: Prevenci\u00f3n de \u00falceras por presi\u00f3n Lumbalgias Ci\u00e1tica Escoliosis Hernia de disco vertebral Lesiones sacras leves Componentes: 1 Coj\u00edn de flotaci\u00f3n seca TPU 1 Funda transpirable y lavable 1 Kit de Reparaci\u00f3n<\/p>\n<p>&nbsp;<\/p>\n<p>Beneficios: Confortable:<\/p>\n<p>El tama\u00f1o del coj\u00edn permite un ajuste correcto de la curva de la zona lumbar y alivia el dolor.<\/p>\n<p>Tejido respirable. La cubierta del coj\u00edn, del lado delantero es una tela que proporciona comodidad y ventilaci\u00f3n. El otro lado, utiliza tela antideslizante de alta calidad con velcro ajustable que mantiene el coj\u00edn en el lugar y no se mueve.<\/p>\n<p>Dise\u00f1o ergon\u00f3mico.Producto lo suficientemente el\u00e1stico para proteger las v\u00e9rtebras.<\/p>\n<p>Mantiene su forma aportando soporte continuo.<\/p>\n<p>Durante su uso, las celdas de aires se Amplia gama de campos de aplicaci\u00f3n.<\/p>\n<p>mueven en todas las direcciones ajust\u00e1ndose a la forma del cuerpo brindando descanso y en la computadora, silla del auto, cuando conduce durante mucho tiempo, o cualquier situaci\u00f3n que requiera largos per\u00edodos de sedestaci\u00f3n.<\/p>\n<p>Est\u00e1 concebido para un l\u00edmite de peso de 143 kilos.<\/p>\n<p>Funda transpirable, el\u00e1stica y lavable.<\/p>\n<p>F\u00e1cil inflado manual. Producto manejable y ligero.<\/p>\n<p>Resistente al fuego y libre de l\u00e1tex<\/p>\n<p>Mantenci\u00f3n: No modifique el coj\u00edn ni ning\u00fan componente.<\/p>\n<p>Si lo hace, puede da\u00f1ar el producto y anular\u00e1 la garant\u00eda.<\/p>\n<p>Es importante la inspecci\u00f3n permanente de la piel que tiene contacto con el producto.<\/p>\n<p>Por favor, siga las instrucciones de uso y diariamente revise la piel, para comprobar que no existe presencia de enrojecimiento o equimosis.<\/p>\n<p>En caso de experimentar alguno de los anteriores s\u00edntomas, deber\u00e1 suspender de inmediato el uso del coj\u00edn.<\/p>\n<p>Mantenga el coj\u00edn alejado de objetos afilados.<\/p>\n<p>Cuando lave la funda, h\u00e1galo con agua, detergente neutro y colores similares.<\/p>\n<p>Mantenga el coj\u00edn alejado de objetos afilados, as\u00ed como fuentes de calor intenso.<\/p>\n<p>Revise peri\u00f3dicamente la funda y otros componentes del coj\u00edn, en busca de da\u00f1os.<\/p>\n<p>Reempl\u00e1celos si es necesario.<\/p>\n<p>Los cambios de altitud del asiento pueden requerir un ajuste del coj\u00edn.<\/p>\n","protected":false},"excerpt":{"rendered":"<p>COJIN DE FLOTACION SECA \/ COJ\u00cdN ANTIESCARAS Este coj\u00edn antiescara de flotaci\u00f3n seca, est\u00e1 dise\u00f1ado para usarse con todo tipo de sillas (de ruedas, para autos, oficina, etc.). Posee un dise\u00f1o segmentado y ajustable que disminuye los puntos de presi\u00f3n que se generan por la persona permanecer largas horas sentada. Est\u00e1 dise\u00f1ado para adaptarse a [&hellip;]<\/p>\n","protected":false},"featured_media":4318,"comment_status":"open","ping_status":"closed","template":"","meta":[],"product_cat":[47],"product_tag":[],"_links":{"self":[{"href":"https:\/\/railen.net\/index.php\/wp-json\/wp\/v2\/product\/4317"}],"collection":[{"href":"https:\/\/railen.net\/index.php\/wp-json\/wp\/v2\/product"}],"about":[{"href":"https:\/\/railen.net\/index.php\/wp-json\/wp\/v2\/types\/product"}],"replies":[{"embeddable":true,"href":"https:\/\/railen.net\/index.php\/wp-json\/wp\/v2\/comments?post=4317"}],"wp:featuredmedia":[{"embeddable":true,"href":"https:\/\/railen.net\/index.php\/wp-json\/wp\/v2\/media\/4318"}],"wp:attachment":[{"href":"https:\/\/railen.net\/index.php\/wp-json\/wp\/v2\/media?parent=4317"}],"wp:term":[{"taxonomy":"product_cat","embeddable":true,"href":"https:\/\/railen.net\/index.php\/wp-json\/wp\/v2\/product_cat?post=4317"},{"taxonomy":"product_tag","embeddable":true,"href":"https:\/\/railen.net\/index.php\/wp-json\/wp\/v2\/product_tag?post=4317"}],"curies":[{"name":"wp","href":"https:\/\/api.w.org\/{rel}","templated":true}]}}