{"id":4315,"date":"2024-07-22T17:10:32","date_gmt":"2024-07-22T17:10:32","guid":{"rendered":"https:\/\/railen.net\/?post_type=product&#038;p=4315"},"modified":"2024-07-22T17:10:32","modified_gmt":"2024-07-22T17:10:32","slug":"colchon-antiescara-con-motor","status":"publish","type":"product","link":"https:\/\/railen.net\/index.php\/producto\/colchon-antiescara-con-motor\/","title":{"rendered":"COLCHON ANTIESCARA CON MOTOR"},"content":{"rendered":"<p>COLCHON ANTIESCARA CON MOTOR<\/p>\n<p>El Colcho\u0301n antiescaras esta compuesto de dos partes: Bomba de Aire y Colcho\u0301n.<\/p>\n<p>El Colcho\u0301n tiene dos globos compensadores por separado.<\/p>\n<p>Bajo el control de la Bomba de Aire, cada globo compensador puede tocar distintas partes del cuerpo cada 6 minutos.<\/p>\n<p>La fluctuacio\u0301n de los globos compensadores facilita la circulacio\u0301n sangui\u0301nea y previene la aparicio\u0301n de ulceras en el paciente que permanece en cama por largo tiempo y cura ra\u0301pidamente las u\u0301lceras existentes.<\/p>\n<p>Especificaciones Colcho\u0301n: Solapas adicionales de 50 cm de longitud 50 cm. (Parte superior y parte inferior)<\/p>\n<p>Ce\u0301lulas Altura: 7 cm \/ 2,7 \u00bb<\/p>\n<p>Material del colcho\u0301n: EN71 grado me\u0301dico PVC<\/p>\n<p>Material Espesor : 0,35mm Resistencia al Fr\u00edo: -30\u00baC<\/p>\n<p>N\u00famero de C\u00e9lucas: 130<\/p>\n<p>Peso Soporte : 125 kg +- 10 kg<\/p>\n<p>Electricidad : CA 110 V\/220 50\/60Hz<\/p>\n<p>Presion de Rango de Aire de Salida: 50-150mmHg 4-6 litros \/ min<\/p>\n<p>Tiempo de ciclo: 6 min<\/p>\n<p>Carcasa de Pl\u00e1stico : Taiw\u00e1n Chimei ABS<\/p>\n<p>Indicaci\u00f3n: Para tratamientos de prevenci\u00f3n de \u00falcera por presi\u00f3n<\/p>\n<p>ESPECIFICACIONES<\/p>\n<p>Colch\u00f3n: 200 x 90 x 7 cm<\/p>\n<p>Extensi\u00f3n del doblez: 50 cm por solapa (cabeza y pies)<\/p>\n<p>Peso del colch\u00f3n: 2,3<\/p>\n","protected":false},"excerpt":{"rendered":"<p>COLCHON ANTIESCARA CON MOTOR El Colcho\u0301n antiescaras esta compuesto de dos partes: Bomba de Aire y Colcho\u0301n. El Colcho\u0301n tiene dos globos compensadores por separado. Bajo el control de la Bomba de Aire, cada globo compensador puede tocar distintas partes del cuerpo cada 6 minutos. La fluctuacio\u0301n de los globos compensadores facilita la circulacio\u0301n sangui\u0301nea [&hellip;]<\/p>\n","protected":false},"featured_media":4316,"comment_status":"open","ping_status":"closed","template":"","meta":[],"product_cat":[47],"product_tag":[],"_links":{"self":[{"href":"https:\/\/railen.net\/index.php\/wp-json\/wp\/v2\/product\/4315"}],"collection":[{"href":"https:\/\/railen.net\/index.php\/wp-json\/wp\/v2\/product"}],"about":[{"href":"https:\/\/railen.net\/index.php\/wp-json\/wp\/v2\/types\/product"}],"replies":[{"embeddable":true,"href":"https:\/\/railen.net\/index.php\/wp-json\/wp\/v2\/comments?post=4315"}],"wp:featuredmedia":[{"embeddable":true,"href":"https:\/\/railen.net\/index.php\/wp-json\/wp\/v2\/media\/4316"}],"wp:attachment":[{"href":"https:\/\/railen.net\/index.php\/wp-json\/wp\/v2\/media?parent=4315"}],"wp:term":[{"taxonomy":"product_cat","embeddable":true,"href":"https:\/\/railen.net\/index.php\/wp-json\/wp\/v2\/product_cat?post=4315"},{"taxonomy":"product_tag","embeddable":true,"href":"https:\/\/railen.net\/index.php\/wp-json\/wp\/v2\/product_tag?post=4315"}],"curies":[{"name":"wp","href":"https:\/\/api.w.org\/{rel}","templated":true}]}}