{"id":4309,"date":"2024-07-22T16:39:11","date_gmt":"2024-07-22T16:39:11","guid":{"rendered":"https:\/\/railen.net\/?post_type=product&#038;p=4309"},"modified":"2024-07-24T22:32:32","modified_gmt":"2024-07-24T22:32:32","slug":"andador-plegable-dos-ruedas","status":"publish","type":"product","link":"https:\/\/railen.net\/index.php\/producto\/andador-plegable-dos-ruedas\/","title":{"rendered":"ANDADOR PLEGABLE DOS RUEDAS"},"content":{"rendered":"<p>ANDADOR PLEGABLE DOS RUEDAS<\/p>\n<p>&nbsp;<\/p>\n<p>Estructura tubular met\u00e1lica, articulada y plegable con regulaci\u00f3n de altura y dos ruedas anteriores, giratorias, macizas (no inflables) de 5 pulgadas, que facilita la marcha y aporta una estabilidad mayor, en el desplazamiento a pacientes con discapacidad f\u00edsica o movilidad reducida.<\/p>\n<p>Posee empu\u00f1aduras en polietileno de alta densidad, anat\u00f3micas, antideslizantes y ergon\u00f3micas.<\/p>\n<p>Producto sencillo de manipular, ofrece una total seguridad y permite al usuario caminar sin miedo a caerse porque sus dos ruedas macizas delanteras y los dos regatones traseros le dan estabilidad y fijaci\u00f3n en cualquier posici\u00f3n.<\/p>\n<p>Este producto, cuenta con doble abrazadera frontal, que adem\u00e1s de dar seguridad, aporta estabilidad.<\/p>\n","protected":false},"excerpt":{"rendered":"<p>ANDADOR PLEGABLE DOS RUEDAS &nbsp; Estructura tubular met\u00e1lica, articulada y plegable con regulaci\u00f3n de altura y dos ruedas anteriores, giratorias, macizas (no inflables) de 5 pulgadas, que facilita la marcha y aporta una estabilidad mayor, en el desplazamiento a pacientes con discapacidad f\u00edsica o movilidad reducida. Posee empu\u00f1aduras en polietileno de alta densidad, anat\u00f3micas, antideslizantes [&hellip;]<\/p>\n","protected":false},"featured_media":4310,"comment_status":"open","ping_status":"closed","template":"","meta":[],"product_cat":[80],"product_tag":[],"_links":{"self":[{"href":"https:\/\/railen.net\/index.php\/wp-json\/wp\/v2\/product\/4309"}],"collection":[{"href":"https:\/\/railen.net\/index.php\/wp-json\/wp\/v2\/product"}],"about":[{"href":"https:\/\/railen.net\/index.php\/wp-json\/wp\/v2\/types\/product"}],"replies":[{"embeddable":true,"href":"https:\/\/railen.net\/index.php\/wp-json\/wp\/v2\/comments?post=4309"}],"wp:featuredmedia":[{"embeddable":true,"href":"https:\/\/railen.net\/index.php\/wp-json\/wp\/v2\/media\/4310"}],"wp:attachment":[{"href":"https:\/\/railen.net\/index.php\/wp-json\/wp\/v2\/media?parent=4309"}],"wp:term":[{"taxonomy":"product_cat","embeddable":true,"href":"https:\/\/railen.net\/index.php\/wp-json\/wp\/v2\/product_cat?post=4309"},{"taxonomy":"product_tag","embeddable":true,"href":"https:\/\/railen.net\/index.php\/wp-json\/wp\/v2\/product_tag?post=4309"}],"curies":[{"name":"wp","href":"https:\/\/api.w.org\/{rel}","templated":true}]}}