{"id":4307,"date":"2024-07-22T16:33:58","date_gmt":"2024-07-22T16:33:58","guid":{"rendered":"https:\/\/railen.net\/?post_type=product&#038;p=4307"},"modified":"2024-07-24T22:32:40","modified_gmt":"2024-07-24T22:32:40","slug":"andador-plegable","status":"publish","type":"product","link":"https:\/\/railen.net\/index.php\/producto\/andador-plegable\/","title":{"rendered":"ANDADOR PLEGABLE"},"content":{"rendered":"<p>ANDADOR PLEGABLE<\/p>\n<p>El andador plegable, es una estructura tubular met\u00e1lica, articulada y plegable con regulaci\u00f3n de altura, que facilita la marcha y aporta una estabilidad mayor, en el desplazamiento, que el bast\u00f3n y las muletas, ya que tiene varios puntos de apoyo.<\/p>\n<p>Posee empu\u00f1aduras de goma suave de alta densidad, anat\u00f3micas, antideslizantes y ergon\u00f3micas.<\/p>\n<p>Producto sencillo de manipular, ofrece una total seguridad, permite al usuario caminar sin miedo a caerse y con solo oprimir un bot\u00f3n, ubicado en su parte superior, le permite plegar el producto.<\/p>\n","protected":false},"excerpt":{"rendered":"<p>ANDADOR PLEGABLE El andador plegable, es una estructura tubular met\u00e1lica, articulada y plegable con regulaci\u00f3n de altura, que facilita la marcha y aporta una estabilidad mayor, en el desplazamiento, que el bast\u00f3n y las muletas, ya que tiene varios puntos de apoyo. Posee empu\u00f1aduras de goma suave de alta densidad, anat\u00f3micas, antideslizantes y ergon\u00f3micas. Producto [&hellip;]<\/p>\n","protected":false},"featured_media":4308,"comment_status":"open","ping_status":"closed","template":"","meta":[],"product_cat":[80],"product_tag":[],"_links":{"self":[{"href":"https:\/\/railen.net\/index.php\/wp-json\/wp\/v2\/product\/4307"}],"collection":[{"href":"https:\/\/railen.net\/index.php\/wp-json\/wp\/v2\/product"}],"about":[{"href":"https:\/\/railen.net\/index.php\/wp-json\/wp\/v2\/types\/product"}],"replies":[{"embeddable":true,"href":"https:\/\/railen.net\/index.php\/wp-json\/wp\/v2\/comments?post=4307"}],"wp:featuredmedia":[{"embeddable":true,"href":"https:\/\/railen.net\/index.php\/wp-json\/wp\/v2\/media\/4308"}],"wp:attachment":[{"href":"https:\/\/railen.net\/index.php\/wp-json\/wp\/v2\/media?parent=4307"}],"wp:term":[{"taxonomy":"product_cat","embeddable":true,"href":"https:\/\/railen.net\/index.php\/wp-json\/wp\/v2\/product_cat?post=4307"},{"taxonomy":"product_tag","embeddable":true,"href":"https:\/\/railen.net\/index.php\/wp-json\/wp\/v2\/product_tag?post=4307"}],"curies":[{"name":"wp","href":"https:\/\/api.w.org\/{rel}","templated":true}]}}