{"id":4211,"date":"2024-02-07T01:25:22","date_gmt":"2024-02-07T01:25:22","guid":{"rendered":"https:\/\/railen.net\/?post_type=product&#038;p=4211"},"modified":"2024-07-25T15:38:57","modified_gmt":"2024-07-25T15:38:57","slug":"silla-ducha","status":"publish","type":"product","link":"https:\/\/railen.net\/index.php\/producto\/silla-ducha\/","title":{"rendered":"SILLA DUCHA"},"content":{"rendered":"<p><span class=\"title\">SILLA DUCHA<\/span><\/p>\n<p>Silla de ba\u00f1o con altura regulable y estructura de aluminio resistente y anti corrosi\u00f3n para mayor durabilidad.<\/p>\n<p>Ideal para poder realizar la tara de limpieza de pacientes o usuarios de manera c\u00f3moda y segura.<\/p>\n<p>Altura asiento ajustable desde 34cm a 54cm, curvo y con hoyos de drenaje para una mayor seguridad.<\/p>\n<p>Topes de goma antideslizante para mayor seguridad y agarre.<\/p>\n<p>Material: Asiento Pl\u00e1stico alta densidad y marco de aluminio.<\/p>\n<p>Color Asiento: Blanco.<\/p>\n<p>Tama\u00f1o: 32x48x68-88cm.<\/p>\n<p>Resistencia: 100kgs.<\/p>\n","protected":false},"excerpt":{"rendered":"<p>SILLA DUCHA Silla de ba\u00f1o con altura regulable y estructura de aluminio resistente y anti corrosi\u00f3n para mayor durabilidad. Ideal para poder realizar la tara de limpieza de pacientes o usuarios de manera c\u00f3moda y segura. Altura asiento ajustable desde 34cm a 54cm, curvo y con hoyos de drenaje para una mayor seguridad. Topes de [&hellip;]<\/p>\n","protected":false},"featured_media":4701,"comment_status":"open","ping_status":"closed","template":"","meta":[],"product_cat":[80],"product_tag":[],"_links":{"self":[{"href":"https:\/\/railen.net\/index.php\/wp-json\/wp\/v2\/product\/4211"}],"collection":[{"href":"https:\/\/railen.net\/index.php\/wp-json\/wp\/v2\/product"}],"about":[{"href":"https:\/\/railen.net\/index.php\/wp-json\/wp\/v2\/types\/product"}],"replies":[{"embeddable":true,"href":"https:\/\/railen.net\/index.php\/wp-json\/wp\/v2\/comments?post=4211"}],"wp:featuredmedia":[{"embeddable":true,"href":"https:\/\/railen.net\/index.php\/wp-json\/wp\/v2\/media\/4701"}],"wp:attachment":[{"href":"https:\/\/railen.net\/index.php\/wp-json\/wp\/v2\/media?parent=4211"}],"wp:term":[{"taxonomy":"product_cat","embeddable":true,"href":"https:\/\/railen.net\/index.php\/wp-json\/wp\/v2\/product_cat?post=4211"},{"taxonomy":"product_tag","embeddable":true,"href":"https:\/\/railen.net\/index.php\/wp-json\/wp\/v2\/product_tag?post=4211"}],"curies":[{"name":"wp","href":"https:\/\/api.w.org\/{rel}","templated":true}]}}