{"id":4136,"date":"2023-10-06T23:37:26","date_gmt":"2023-10-06T23:37:26","guid":{"rendered":"https:\/\/railen.net\/?post_type=product&#038;p=4136"},"modified":"2024-07-23T17:15:49","modified_gmt":"2024-07-23T17:15:49","slug":"cavilon-spray-28ml-3m","status":"publish","type":"product","link":"https:\/\/railen.net\/index.php\/producto\/cavilon-spray-28ml-3m\/","title":{"rendered":"Cavil\u00f3n Spray 28ml 3M"},"content":{"rendered":"<p>Cavil\u00f3n Spray 28ml 3m<\/p>\n<ul>\n<li class=\"ui-pdp-family--REGULAR ui-pdp-list__text\">Protecci\u00f3n de heridas<\/li>\n<\/ul>\n<p class=\"ui-pdp-description__content\">No es citot\u00f3xica y permite una aplicaci\u00f3n sin dolor (ardor) sobre la piel da\u00f1ada, porque no contiene alcohol. Adem\u00e1s puede interactuar con heridas sin interferir en la reparaci\u00f3n cut\u00e1nea, traduci\u00e9ndose en que no interviene con el proceso de cicatrizaci\u00f3n.<\/p>\n<p>Mayor versatilidad que otras pel\u00edculas: se puede usar en m\u00faltiples indicaciones cl\u00ednicas.<\/p>\n<p>Esta pel\u00edcula protectora no afecta la adhesi\u00f3n de otros productos.<br \/>\nNo se sale con exudado y l\u00edquidos.<br \/>\nNo requiere ser removida para la siguiente aplicaci\u00f3n.<\/p>\n<p>Pel\u00edcula l\u00edquida transparente, transpirable y sin ardor, que forma una barrera de protecci\u00f3n persistente sobre la piel a base de pol\u00edmeros y plastificante. La barrera protege contra adhesivos, humedad y fluidos corporales hasta por 72 horas. Seca r\u00e1pidamente (30 segundos).<\/p>\n","protected":false},"excerpt":{"rendered":"<p>Cavil\u00f3n Spray 28ml 3m Protecci\u00f3n de heridas No es citot\u00f3xica y permite una aplicaci\u00f3n sin dolor (ardor) sobre la piel da\u00f1ada, porque no contiene alcohol. Adem\u00e1s puede interactuar con heridas sin interferir en la reparaci\u00f3n cut\u00e1nea, traduci\u00e9ndose en que no interviene con el proceso de cicatrizaci\u00f3n. Mayor versatilidad que otras pel\u00edculas: se puede usar en [&hellip;]<\/p>\n","protected":false},"featured_media":4137,"comment_status":"open","ping_status":"closed","template":"","meta":[],"product_cat":[47],"product_tag":[],"_links":{"self":[{"href":"https:\/\/railen.net\/index.php\/wp-json\/wp\/v2\/product\/4136"}],"collection":[{"href":"https:\/\/railen.net\/index.php\/wp-json\/wp\/v2\/product"}],"about":[{"href":"https:\/\/railen.net\/index.php\/wp-json\/wp\/v2\/types\/product"}],"replies":[{"embeddable":true,"href":"https:\/\/railen.net\/index.php\/wp-json\/wp\/v2\/comments?post=4136"}],"wp:featuredmedia":[{"embeddable":true,"href":"https:\/\/railen.net\/index.php\/wp-json\/wp\/v2\/media\/4137"}],"wp:attachment":[{"href":"https:\/\/railen.net\/index.php\/wp-json\/wp\/v2\/media?parent=4136"}],"wp:term":[{"taxonomy":"product_cat","embeddable":true,"href":"https:\/\/railen.net\/index.php\/wp-json\/wp\/v2\/product_cat?post=4136"},{"taxonomy":"product_tag","embeddable":true,"href":"https:\/\/railen.net\/index.php\/wp-json\/wp\/v2\/product_tag?post=4136"}],"curies":[{"name":"wp","href":"https:\/\/api.w.org\/{rel}","templated":true}]}}