{"id":4086,"date":"2023-08-22T23:43:02","date_gmt":"2023-08-22T23:43:02","guid":{"rendered":"https:\/\/railen.net\/?post_type=product&#038;p=4086"},"modified":"2025-10-27T21:41:16","modified_gmt":"2025-10-27T21:41:16","slug":"calceton-de-compresion-for-men","status":"publish","type":"product","link":"https:\/\/railen.net\/index.php\/producto\/calceton-de-compresion-for-men\/","title":{"rendered":"Calcet\u00edn de compresi\u00f3n 15-20 mmHg for Men"},"content":{"rendered":"<ul>\n<li class=\"jobstcl-pdp-extra-properties-0-x-acercaDelProductoContainer\">Puedes usarlos diariamente desde la ma\u00f1ana hasta la noche, gracias a que est\u00e1n elaborados con tela liviana, tienen un acabado suave y cuentan con una banda en la rodilla que se ajusta a tu pierna brind\u00e1ndote una gran comodidad.<\/li>\n<li class=\"jobstcl-pdp-extra-properties-0-x-acercaDelProductoContainer\">Cuentan con un dise\u00f1o cl\u00e1sico.<\/li>\n<li>Disponibles en Talla S-M-L y XL<\/li>\n<\/ul>\n","protected":false},"excerpt":{"rendered":"<p>Puedes usarlos diariamente desde la ma\u00f1ana hasta la noche, gracias a que est\u00e1n elaborados con tela liviana, tienen un acabado suave y cuentan con una banda en la rodilla que se ajusta a tu pierna brind\u00e1ndote una gran comodidad. Cuentan con un dise\u00f1o cl\u00e1sico. Disponibles en Talla S-M-L y XL<\/p>\n","protected":false},"featured_media":4621,"comment_status":"open","ping_status":"closed","template":"","meta":[],"product_cat":[73,72,75],"product_tag":[],"_links":{"self":[{"href":"https:\/\/railen.net\/index.php\/wp-json\/wp\/v2\/product\/4086"}],"collection":[{"href":"https:\/\/railen.net\/index.php\/wp-json\/wp\/v2\/product"}],"about":[{"href":"https:\/\/railen.net\/index.php\/wp-json\/wp\/v2\/types\/product"}],"replies":[{"embeddable":true,"href":"https:\/\/railen.net\/index.php\/wp-json\/wp\/v2\/comments?post=4086"}],"wp:featuredmedia":[{"embeddable":true,"href":"https:\/\/railen.net\/index.php\/wp-json\/wp\/v2\/media\/4621"}],"wp:attachment":[{"href":"https:\/\/railen.net\/index.php\/wp-json\/wp\/v2\/media?parent=4086"}],"wp:term":[{"taxonomy":"product_cat","embeddable":true,"href":"https:\/\/railen.net\/index.php\/wp-json\/wp\/v2\/product_cat?post=4086"},{"taxonomy":"product_tag","embeddable":true,"href":"https:\/\/railen.net\/index.php\/wp-json\/wp\/v2\/product_tag?post=4086"}],"curies":[{"name":"wp","href":"https:\/\/api.w.org\/{rel}","templated":true}]}}