{"id":3953,"date":"2023-08-16T18:42:24","date_gmt":"2023-08-16T18:42:24","guid":{"rendered":"https:\/\/railen.net\/?post_type=product&#038;p=3953"},"modified":"2023-10-06T00:50:59","modified_gmt":"2023-10-06T00:50:59","slug":"kit-de-curaciones","status":"publish","type":"product","link":"https:\/\/railen.net\/index.php\/producto\/kit-de-curaciones\/","title":{"rendered":"Kit de curaciones"},"content":{"rendered":"<ul>\n<li>Kit de curaci\u00f3n esterilizado<\/li>\n<li>Contiene: 1 Anat\u00f3mica, 1 Tijera, 1 Pinza Quir\u00fargica, 3 T\u00f3rulas de Gasa,2 Gasas 7,5, 1 Bandeja y 1 Regla de Medir.<\/li>\n<\/ul>\n","protected":false},"excerpt":{"rendered":"<p>Kit de curaci\u00f3n esterilizado Contiene: 1 Anat\u00f3mica, 1 Tijera, 1 Pinza Quir\u00fargica, 3 T\u00f3rulas de Gasa,2 Gasas 7,5, 1 Bandeja y 1 Regla de Medir.<\/p>\n","protected":false},"featured_media":3954,"comment_status":"open","ping_status":"closed","template":"","meta":[],"product_cat":[51],"product_tag":[],"_links":{"self":[{"href":"https:\/\/railen.net\/index.php\/wp-json\/wp\/v2\/product\/3953"}],"collection":[{"href":"https:\/\/railen.net\/index.php\/wp-json\/wp\/v2\/product"}],"about":[{"href":"https:\/\/railen.net\/index.php\/wp-json\/wp\/v2\/types\/product"}],"replies":[{"embeddable":true,"href":"https:\/\/railen.net\/index.php\/wp-json\/wp\/v2\/comments?post=3953"}],"wp:featuredmedia":[{"embeddable":true,"href":"https:\/\/railen.net\/index.php\/wp-json\/wp\/v2\/media\/3954"}],"wp:attachment":[{"href":"https:\/\/railen.net\/index.php\/wp-json\/wp\/v2\/media?parent=3953"}],"wp:term":[{"taxonomy":"product_cat","embeddable":true,"href":"https:\/\/railen.net\/index.php\/wp-json\/wp\/v2\/product_cat?post=3953"},{"taxonomy":"product_tag","embeddable":true,"href":"https:\/\/railen.net\/index.php\/wp-json\/wp\/v2\/product_tag?post=3953"}],"curies":[{"name":"wp","href":"https:\/\/api.w.org\/{rel}","templated":true}]}}