{"id":3939,"date":"2023-08-16T18:23:42","date_gmt":"2023-08-16T18:23:42","guid":{"rendered":"https:\/\/railen.net\/?post_type=product&#038;p=3939"},"modified":"2024-02-02T17:12:23","modified_gmt":"2024-02-02T17:12:23","slug":"bajadas-de-suero","status":"publish","type":"product","link":"https:\/\/railen.net\/index.php\/producto\/bajadas-de-suero\/","title":{"rendered":"Bajadas de suero"},"content":{"rendered":"<p>Set de administraci\u00f3n de soluciones en dos tipos:<\/p>\n<ul>\n<li>Microgotas : Uso pedi\u00e1trico<\/li>\n<li>Macrogotas : Uso adulto Con conexi\u00f3n<\/li>\n<\/ul>\n","protected":false},"excerpt":{"rendered":"<p>Set de administraci\u00f3n de soluciones en dos tipos: Microgotas : Uso pedi\u00e1trico Macrogotas : Uso adulto Con conexi\u00f3n<\/p>\n","protected":false},"featured_media":3940,"comment_status":"open","ping_status":"closed","template":"","meta":[],"product_cat":[51],"product_tag":[],"_links":{"self":[{"href":"https:\/\/railen.net\/index.php\/wp-json\/wp\/v2\/product\/3939"}],"collection":[{"href":"https:\/\/railen.net\/index.php\/wp-json\/wp\/v2\/product"}],"about":[{"href":"https:\/\/railen.net\/index.php\/wp-json\/wp\/v2\/types\/product"}],"replies":[{"embeddable":true,"href":"https:\/\/railen.net\/index.php\/wp-json\/wp\/v2\/comments?post=3939"}],"wp:featuredmedia":[{"embeddable":true,"href":"https:\/\/railen.net\/index.php\/wp-json\/wp\/v2\/media\/3940"}],"wp:attachment":[{"href":"https:\/\/railen.net\/index.php\/wp-json\/wp\/v2\/media?parent=3939"}],"wp:term":[{"taxonomy":"product_cat","embeddable":true,"href":"https:\/\/railen.net\/index.php\/wp-json\/wp\/v2\/product_cat?post=3939"},{"taxonomy":"product_tag","embeddable":true,"href":"https:\/\/railen.net\/index.php\/wp-json\/wp\/v2\/product_tag?post=3939"}],"curies":[{"name":"wp","href":"https:\/\/api.w.org\/{rel}","templated":true}]}}