{"id":3927,"date":"2023-08-16T18:08:39","date_gmt":"2023-08-16T18:08:39","guid":{"rendered":"https:\/\/railen.net\/?post_type=product&#038;p=3927"},"modified":"2024-02-02T17:31:52","modified_gmt":"2024-02-02T17:31:52","slug":"toma-presion-muneca-omrom","status":"publish","type":"product","link":"https:\/\/railen.net\/index.php\/producto\/toma-presion-muneca-omrom\/","title":{"rendered":"Toma presi\u00f3n mu\u00f1eca Omrom"},"content":{"rendered":"<p>El Monitor de Presi\u00f3n Arterial Autom\u00e1tico, tensi\u00f3metro, es un instrumento de Precisi\u00f3n, controla tu presi\u00f3n para evitar complicaciones en el embarazo, su tecnolog\u00eda le permite hacer mediciones precisas y confiables, adem\u00e1s es muy f\u00e1cil de usar.<\/p>\n<p>5 a\u00f1os de Garant\u00eda Omrom{<\/p>\n","protected":false},"excerpt":{"rendered":"<p>El Monitor de Presi\u00f3n Arterial Autom\u00e1tico, tensi\u00f3metro, es un instrumento de Precisi\u00f3n, controla tu presi\u00f3n para evitar complicaciones en el embarazo, su tecnolog\u00eda le permite hacer mediciones precisas y confiables, adem\u00e1s es muy f\u00e1cil de usar. 5 a\u00f1os de Garant\u00eda Omrom{<\/p>\n","protected":false},"featured_media":3929,"comment_status":"open","ping_status":"closed","template":"","meta":[],"product_cat":[64],"product_tag":[],"_links":{"self":[{"href":"https:\/\/railen.net\/index.php\/wp-json\/wp\/v2\/product\/3927"}],"collection":[{"href":"https:\/\/railen.net\/index.php\/wp-json\/wp\/v2\/product"}],"about":[{"href":"https:\/\/railen.net\/index.php\/wp-json\/wp\/v2\/types\/product"}],"replies":[{"embeddable":true,"href":"https:\/\/railen.net\/index.php\/wp-json\/wp\/v2\/comments?post=3927"}],"wp:featuredmedia":[{"embeddable":true,"href":"https:\/\/railen.net\/index.php\/wp-json\/wp\/v2\/media\/3929"}],"wp:attachment":[{"href":"https:\/\/railen.net\/index.php\/wp-json\/wp\/v2\/media?parent=3927"}],"wp:term":[{"taxonomy":"product_cat","embeddable":true,"href":"https:\/\/railen.net\/index.php\/wp-json\/wp\/v2\/product_cat?post=3927"},{"taxonomy":"product_tag","embeddable":true,"href":"https:\/\/railen.net\/index.php\/wp-json\/wp\/v2\/product_tag?post=3927"}],"curies":[{"name":"wp","href":"https:\/\/api.w.org\/{rel}","templated":true}]}}