{"id":3921,"date":"2023-08-16T17:57:03","date_gmt":"2023-08-16T17:57:03","guid":{"rendered":"https:\/\/railen.net\/?post_type=product&#038;p=3921"},"modified":"2024-02-02T17:33:07","modified_gmt":"2024-02-02T17:33:07","slug":"toma-de-presion-brazo","status":"publish","type":"product","link":"https:\/\/railen.net\/index.php\/producto\/toma-de-presion-brazo\/","title":{"rendered":"Toma de presi\u00f3n brazo"},"content":{"rendered":"<p>Monitor de presi\u00f3n que realiza lecturas de la presi\u00f3n sist\u00f3lica, presi\u00f3n diast\u00f3lica y del pulso, alerta al usuario cuando se detecta hipertensi\u00f3n. Incluye un brazalete universal es c\u00f3modo, f\u00e1cil de usar y est\u00e1 dise\u00f1ado para ajustarse al brazo.<\/p>\n","protected":false},"excerpt":{"rendered":"<p>Monitor de presi\u00f3n que realiza lecturas de la presi\u00f3n sist\u00f3lica, presi\u00f3n diast\u00f3lica y del pulso, alerta al usuario cuando se detecta hipertensi\u00f3n. Incluye un brazalete universal es c\u00f3modo, f\u00e1cil de usar y est\u00e1 dise\u00f1ado para ajustarse al brazo.<\/p>\n","protected":false},"featured_media":3922,"comment_status":"open","ping_status":"closed","template":"","meta":[],"product_cat":[64],"product_tag":[],"_links":{"self":[{"href":"https:\/\/railen.net\/index.php\/wp-json\/wp\/v2\/product\/3921"}],"collection":[{"href":"https:\/\/railen.net\/index.php\/wp-json\/wp\/v2\/product"}],"about":[{"href":"https:\/\/railen.net\/index.php\/wp-json\/wp\/v2\/types\/product"}],"replies":[{"embeddable":true,"href":"https:\/\/railen.net\/index.php\/wp-json\/wp\/v2\/comments?post=3921"}],"wp:featuredmedia":[{"embeddable":true,"href":"https:\/\/railen.net\/index.php\/wp-json\/wp\/v2\/media\/3922"}],"wp:attachment":[{"href":"https:\/\/railen.net\/index.php\/wp-json\/wp\/v2\/media?parent=3921"}],"wp:term":[{"taxonomy":"product_cat","embeddable":true,"href":"https:\/\/railen.net\/index.php\/wp-json\/wp\/v2\/product_cat?post=3921"},{"taxonomy":"product_tag","embeddable":true,"href":"https:\/\/railen.net\/index.php\/wp-json\/wp\/v2\/product_tag?post=3921"}],"curies":[{"name":"wp","href":"https:\/\/api.w.org\/{rel}","templated":true}]}}