{"id":3894,"date":"2023-08-16T17:19:12","date_gmt":"2023-08-16T17:19:12","guid":{"rendered":"https:\/\/railen.net\/?post_type=product&#038;p=3894"},"modified":"2024-07-23T22:26:11","modified_gmt":"2024-07-23T22:26:11","slug":"tobilleras-elasticas","status":"publish","type":"product","link":"https:\/\/railen.net\/index.php\/producto\/tobilleras-elasticas\/","title":{"rendered":"Tobilleras el\u00e1sticas"},"content":{"rendered":"<p>Soporte de tobillo confeccionado en materiales hipoalerg\u00e9nicos con f\u00e9rulas de PCV laterales removibles, ajustable con cord\u00f3n y cierre de contacto.<\/p>\n<p><strong>Composici\u00f3n:<\/strong><\/p>\n<ul>\n<li>Cara Interna : 100% Algod\u00f3n<\/li>\n<li>Cara Externa : 100% Lycra Dupont<\/li>\n<li>Barras Removibles : PVC<\/li>\n<li>Velcros y Felpas : 100% Nylon<\/li>\n<\/ul>\n<p>&nbsp;<\/p>\n","protected":false},"excerpt":{"rendered":"<p>Soporte de tobillo confeccionado en materiales hipoalerg\u00e9nicos con f\u00e9rulas de PCV laterales removibles, ajustable con cord\u00f3n y cierre de contacto. Composici\u00f3n: Cara Interna : 100% Algod\u00f3n Cara Externa : 100% Lycra Dupont Barras Removibles : PVC Velcros y Felpas : 100% Nylon &nbsp;<\/p>\n","protected":false},"featured_media":3907,"comment_status":"open","ping_status":"closed","template":"","meta":[],"product_cat":[52],"product_tag":[],"_links":{"self":[{"href":"https:\/\/railen.net\/index.php\/wp-json\/wp\/v2\/product\/3894"}],"collection":[{"href":"https:\/\/railen.net\/index.php\/wp-json\/wp\/v2\/product"}],"about":[{"href":"https:\/\/railen.net\/index.php\/wp-json\/wp\/v2\/types\/product"}],"replies":[{"embeddable":true,"href":"https:\/\/railen.net\/index.php\/wp-json\/wp\/v2\/comments?post=3894"}],"wp:featuredmedia":[{"embeddable":true,"href":"https:\/\/railen.net\/index.php\/wp-json\/wp\/v2\/media\/3907"}],"wp:attachment":[{"href":"https:\/\/railen.net\/index.php\/wp-json\/wp\/v2\/media?parent=3894"}],"wp:term":[{"taxonomy":"product_cat","embeddable":true,"href":"https:\/\/railen.net\/index.php\/wp-json\/wp\/v2\/product_cat?post=3894"},{"taxonomy":"product_tag","embeddable":true,"href":"https:\/\/railen.net\/index.php\/wp-json\/wp\/v2\/product_tag?post=3894"}],"curies":[{"name":"wp","href":"https:\/\/api.w.org\/{rel}","templated":true}]}}