{"id":3862,"date":"2023-08-15T18:37:07","date_gmt":"2023-08-15T18:37:07","guid":{"rendered":"https:\/\/railen.net\/?post_type=product&#038;p=3862"},"modified":"2023-08-24T20:59:54","modified_gmt":"2023-08-24T20:59:54","slug":"rodillera-estabilizadora","status":"publish","type":"product","link":"https:\/\/railen.net\/index.php\/producto\/rodillera-estabilizadora\/","title":{"rendered":"Rodillera estabilizadora"},"content":{"rendered":"<p>Ortesis de rodilla con orificio rotuliano, fabricada con algod\u00f3n en su interior m\u00e1s estabilizadores laterales flexibles en aluminio y ajuste superior e inferior con cierre de contacto.<\/p>\n<p><strong>Composici\u00f3n:<\/strong><\/p>\n<ul>\n<li>Cara Externa : 100% Spandex<\/li>\n<li>Cara Interna : 100% Algod\u00f3n<\/li>\n<li>Resortes Laterales : 100% Aluminio<\/li>\n<li>Velcro y Felpa : 100% Nylon<\/li>\n<\/ul>\n","protected":false},"excerpt":{"rendered":"<p>Ortesis de rodilla con orificio rotuliano, fabricada con algod\u00f3n en su interior m\u00e1s estabilizadores laterales flexibles en aluminio y ajuste superior e inferior con cierre de contacto. Composici\u00f3n: Cara Externa : 100% Spandex Cara Interna : 100% Algod\u00f3n Resortes Laterales : 100% Aluminio Velcro y Felpa : 100% Nylon<\/p>\n","protected":false},"featured_media":3863,"comment_status":"open","ping_status":"closed","template":"","meta":[],"product_cat":[60,53],"product_tag":[],"_links":{"self":[{"href":"https:\/\/railen.net\/index.php\/wp-json\/wp\/v2\/product\/3862"}],"collection":[{"href":"https:\/\/railen.net\/index.php\/wp-json\/wp\/v2\/product"}],"about":[{"href":"https:\/\/railen.net\/index.php\/wp-json\/wp\/v2\/types\/product"}],"replies":[{"embeddable":true,"href":"https:\/\/railen.net\/index.php\/wp-json\/wp\/v2\/comments?post=3862"}],"wp:featuredmedia":[{"embeddable":true,"href":"https:\/\/railen.net\/index.php\/wp-json\/wp\/v2\/media\/3863"}],"wp:attachment":[{"href":"https:\/\/railen.net\/index.php\/wp-json\/wp\/v2\/media?parent=3862"}],"wp:term":[{"taxonomy":"product_cat","embeddable":true,"href":"https:\/\/railen.net\/index.php\/wp-json\/wp\/v2\/product_cat?post=3862"},{"taxonomy":"product_tag","embeddable":true,"href":"https:\/\/railen.net\/index.php\/wp-json\/wp\/v2\/product_tag?post=3862"}],"curies":[{"name":"wp","href":"https:\/\/api.w.org\/{rel}","templated":true}]}}