{"id":3860,"date":"2023-08-15T18:33:53","date_gmt":"2023-08-15T18:33:53","guid":{"rendered":"https:\/\/railen.net\/?post_type=product&#038;p=3860"},"modified":"2023-08-15T18:35:48","modified_gmt":"2023-08-15T18:35:48","slug":"sonda-de-aspiracion-de-secreciones-de-pvc","status":"publish","type":"product","link":"https:\/\/railen.net\/index.php\/producto\/sonda-de-aspiracion-de-secreciones-de-pvc\/","title":{"rendered":"Sonda de aspiraci\u00f3n de secreciones de PVC"},"content":{"rendered":"<ul>\n<li>Tubo de drenaje delgado y flexible, fabricado a partir de PVC.<\/li>\n<li>Destinada a la eliminaci\u00f3n y toma de muestra de secreciones de la v\u00eda \u00e1rea superior.<\/li>\n<li>Conector universal codificado por color compatible con cualquier sistema de aspiraci\u00f3n.<\/li>\n<li>Orificio regulador para aspiraci\u00f3n digital con tapa protectora.<\/li>\n<li>Empaque individual est\u00e9ril.<\/li>\n<li>100% libre de l\u00e1tex.<\/li>\n<\/ul>\n","protected":false},"excerpt":{"rendered":"<p>Tubo de drenaje delgado y flexible, fabricado a partir de PVC. Destinada a la eliminaci\u00f3n y toma de muestra de secreciones de la v\u00eda \u00e1rea superior. Conector universal codificado por color compatible con cualquier sistema de aspiraci\u00f3n. Orificio regulador para aspiraci\u00f3n digital con tapa protectora. Empaque individual est\u00e9ril. 100% libre de l\u00e1tex.<\/p>\n","protected":false},"featured_media":3861,"comment_status":"open","ping_status":"closed","template":"","meta":[],"product_cat":[51],"product_tag":[],"_links":{"self":[{"href":"https:\/\/railen.net\/index.php\/wp-json\/wp\/v2\/product\/3860"}],"collection":[{"href":"https:\/\/railen.net\/index.php\/wp-json\/wp\/v2\/product"}],"about":[{"href":"https:\/\/railen.net\/index.php\/wp-json\/wp\/v2\/types\/product"}],"replies":[{"embeddable":true,"href":"https:\/\/railen.net\/index.php\/wp-json\/wp\/v2\/comments?post=3860"}],"wp:featuredmedia":[{"embeddable":true,"href":"https:\/\/railen.net\/index.php\/wp-json\/wp\/v2\/media\/3861"}],"wp:attachment":[{"href":"https:\/\/railen.net\/index.php\/wp-json\/wp\/v2\/media?parent=3860"}],"wp:term":[{"taxonomy":"product_cat","embeddable":true,"href":"https:\/\/railen.net\/index.php\/wp-json\/wp\/v2\/product_cat?post=3860"},{"taxonomy":"product_tag","embeddable":true,"href":"https:\/\/railen.net\/index.php\/wp-json\/wp\/v2\/product_tag?post=3860"}],"curies":[{"name":"wp","href":"https:\/\/api.w.org\/{rel}","templated":true}]}}