{"id":3858,"date":"2023-08-13T00:04:27","date_gmt":"2023-08-13T00:04:27","guid":{"rendered":"https:\/\/railen.net\/?post_type=product&#038;p=3858"},"modified":"2023-08-24T21:02:02","modified_gmt":"2023-08-24T21:02:02","slug":"munequera","status":"publish","type":"product","link":"https:\/\/railen.net\/index.php\/producto\/munequera\/","title":{"rendered":"Mu\u00f1equera"},"content":{"rendered":"<ul>\n<li>El\u00e1stico : 21% Nylon<\/li>\n<li>El\u00e1stico libre de l\u00e1tex : 73% Poli\u00e9ster \/ 6% Spandex<\/li>\n<li>Velcro : 100% Nylon<\/li>\n<\/ul>\n","protected":false},"excerpt":{"rendered":"<p>El\u00e1stico : 21% Nylon El\u00e1stico libre de l\u00e1tex : 73% Poli\u00e9ster \/ 6% Spandex Velcro : 100% Nylon<\/p>\n","protected":false},"featured_media":3859,"comment_status":"open","ping_status":"closed","template":"","meta":[],"product_cat":[54,60],"product_tag":[],"_links":{"self":[{"href":"https:\/\/railen.net\/index.php\/wp-json\/wp\/v2\/product\/3858"}],"collection":[{"href":"https:\/\/railen.net\/index.php\/wp-json\/wp\/v2\/product"}],"about":[{"href":"https:\/\/railen.net\/index.php\/wp-json\/wp\/v2\/types\/product"}],"replies":[{"embeddable":true,"href":"https:\/\/railen.net\/index.php\/wp-json\/wp\/v2\/comments?post=3858"}],"wp:featuredmedia":[{"embeddable":true,"href":"https:\/\/railen.net\/index.php\/wp-json\/wp\/v2\/media\/3859"}],"wp:attachment":[{"href":"https:\/\/railen.net\/index.php\/wp-json\/wp\/v2\/media?parent=3858"}],"wp:term":[{"taxonomy":"product_cat","embeddable":true,"href":"https:\/\/railen.net\/index.php\/wp-json\/wp\/v2\/product_cat?post=3858"},{"taxonomy":"product_tag","embeddable":true,"href":"https:\/\/railen.net\/index.php\/wp-json\/wp\/v2\/product_tag?post=3858"}],"curies":[{"name":"wp","href":"https:\/\/api.w.org\/{rel}","templated":true}]}}