{"id":3855,"date":"2023-08-12T23:58:22","date_gmt":"2023-08-12T23:58:22","guid":{"rendered":"https:\/\/railen.net\/?post_type=product&#038;p=3855"},"modified":"2024-07-25T14:52:55","modified_gmt":"2024-07-25T14:52:55","slug":"vendas-elasticas","status":"publish","type":"product","link":"https:\/\/railen.net\/index.php\/producto\/vendas-elasticas\/","title":{"rendered":"Vendas el\u00e1sticas"},"content":{"rendered":"<ul>\n<li>Lavable y reutilizable. Producto no est\u00e9ril<\/li>\n<li>Elaborado a partir de algod\u00f3n con fibras el\u00e1sticas.<\/li>\n<li>Equipada con broches met\u00e1licos para su sujeci\u00f3n.<\/li>\n<li>Presentaci\u00f3n unitaria papel transparente.<\/li>\n<li>Medidas 5cm, 7,5cm\u00a0 , 10cm y 12cm<\/li>\n<\/ul>\n","protected":false},"excerpt":{"rendered":"<p>Lavable y reutilizable. Producto no est\u00e9ril Elaborado a partir de algod\u00f3n con fibras el\u00e1sticas. Equipada con broches met\u00e1licos para su sujeci\u00f3n. Presentaci\u00f3n unitaria papel transparente. Medidas 5cm, 7,5cm\u00a0 , 10cm y 12cm<\/p>\n","protected":false},"featured_media":3856,"comment_status":"open","ping_status":"closed","template":"","meta":[],"product_cat":[82],"product_tag":[],"_links":{"self":[{"href":"https:\/\/railen.net\/index.php\/wp-json\/wp\/v2\/product\/3855"}],"collection":[{"href":"https:\/\/railen.net\/index.php\/wp-json\/wp\/v2\/product"}],"about":[{"href":"https:\/\/railen.net\/index.php\/wp-json\/wp\/v2\/types\/product"}],"replies":[{"embeddable":true,"href":"https:\/\/railen.net\/index.php\/wp-json\/wp\/v2\/comments?post=3855"}],"wp:featuredmedia":[{"embeddable":true,"href":"https:\/\/railen.net\/index.php\/wp-json\/wp\/v2\/media\/3856"}],"wp:attachment":[{"href":"https:\/\/railen.net\/index.php\/wp-json\/wp\/v2\/media?parent=3855"}],"wp:term":[{"taxonomy":"product_cat","embeddable":true,"href":"https:\/\/railen.net\/index.php\/wp-json\/wp\/v2\/product_cat?post=3855"},{"taxonomy":"product_tag","embeddable":true,"href":"https:\/\/railen.net\/index.php\/wp-json\/wp\/v2\/product_tag?post=3855"}],"curies":[{"name":"wp","href":"https:\/\/api.w.org\/{rel}","templated":true}]}}