{"id":3815,"date":"2023-08-09T21:17:05","date_gmt":"2023-08-09T21:17:05","guid":{"rendered":"https:\/\/railen.net\/?post_type=product&#038;p=3815"},"modified":"2023-08-09T21:17:05","modified_gmt":"2023-08-09T21:17:05","slug":"inmobilizador-hombro","status":"publish","type":"product","link":"https:\/\/railen.net\/index.php\/producto\/inmobilizador-hombro\/","title":{"rendered":"Inmobilizador hombro"},"content":{"rendered":"<ul>\n<li>Soporte de hombro en aducci\u00f3n, confeccionado en velour y algod\u00f3n<\/li>\n<li>Estructurado por dos piezas y dos cintas de algod\u00f3n regulables con cierre de contacto<\/li>\n<\/ul>\n","protected":false},"excerpt":{"rendered":"<p>Soporte de hombro en aducci\u00f3n, confeccionado en velour y algod\u00f3n Estructurado por dos piezas y dos cintas de algod\u00f3n regulables con cierre de contacto<\/p>\n","protected":false},"featured_media":3816,"comment_status":"open","ping_status":"closed","template":"","meta":[],"product_cat":[52],"product_tag":[],"_links":{"self":[{"href":"https:\/\/railen.net\/index.php\/wp-json\/wp\/v2\/product\/3815"}],"collection":[{"href":"https:\/\/railen.net\/index.php\/wp-json\/wp\/v2\/product"}],"about":[{"href":"https:\/\/railen.net\/index.php\/wp-json\/wp\/v2\/types\/product"}],"replies":[{"embeddable":true,"href":"https:\/\/railen.net\/index.php\/wp-json\/wp\/v2\/comments?post=3815"}],"wp:featuredmedia":[{"embeddable":true,"href":"https:\/\/railen.net\/index.php\/wp-json\/wp\/v2\/media\/3816"}],"wp:attachment":[{"href":"https:\/\/railen.net\/index.php\/wp-json\/wp\/v2\/media?parent=3815"}],"wp:term":[{"taxonomy":"product_cat","embeddable":true,"href":"https:\/\/railen.net\/index.php\/wp-json\/wp\/v2\/product_cat?post=3815"},{"taxonomy":"product_tag","embeddable":true,"href":"https:\/\/railen.net\/index.php\/wp-json\/wp\/v2\/product_tag?post=3815"}],"curies":[{"name":"wp","href":"https:\/\/api.w.org\/{rel}","templated":true}]}}