{"id":3767,"date":"2023-08-09T19:28:23","date_gmt":"2023-08-09T19:28:23","guid":{"rendered":"https:\/\/railen.net\/?page_id=3767"},"modified":"2023-08-16T19:48:09","modified_gmt":"2023-08-16T19:48:09","slug":"quienes-somos","status":"publish","type":"page","link":"https:\/\/railen.net\/index.php\/quienes-somos\/","title":{"rendered":"Quienes Somos"},"content":{"rendered":"\t\t<div data-elementor-type=\"wp-page\" data-elementor-id=\"3767\" class=\"elementor elementor-3767\" data-elementor-post-type=\"page\">\n\t\t\t\t\t\t<section class=\"elementor-section elementor-top-section elementor-element elementor-element-b165a32 elementor-section-boxed elementor-section-height-default elementor-section-height-default\" data-id=\"b165a32\" data-element_type=\"section\" data-settings=\"{&quot;jet_parallax_layout_list&quot;:[]}\">\n\t\t\t\t\t\t<div class=\"elementor-container elementor-column-gap-default\">\n\t\t\t\t\t<div class=\"elementor-column elementor-col-100 elementor-top-column elementor-element elementor-element-51490f6\" data-id=\"51490f6\" data-element_type=\"column\">\n\t\t\t<div class=\"elementor-widget-wrap elementor-element-populated\">\n\t\t\t\t\t\t<div class=\"elementor-element elementor-element-d446f8d elementor-widget elementor-widget-text-editor\" data-id=\"d446f8d\" data-element_type=\"widget\" data-widget_type=\"text-editor.default\">\n\t\t\t\t<div class=\"elementor-widget-container\">\n\t\t\t\t\t\t\t<p>En Ortopedia Railen, nos dedicamos apasionadamente a mejorar tu calidad de vida y movilidad. Nuestra misi\u00f3n es empoderarte a trav\u00e9s de soluciones ortop\u00e9dicas personalizadas que se adaptan a tus necesidades \u00fanicas. Ofrecemos una selecci\u00f3n excepcional de productos, desde ayudas para la movilidad hasta \u00f3rtesis de alta calidad, trabajando con marcas l\u00edderes para garantizar productos de confianza que marcan la diferencia en tu bienestar diario.<\/p>\t\t\t\t\t\t<\/div>\n\t\t\t\t<\/div>\n\t\t\t\t\t<\/div>\n\t\t<\/div>\n\t\t\t\t\t<\/div>\n\t\t<\/section>\n\t\t\t\t<section class=\"elementor-section elementor-top-section elementor-element elementor-element-0f99170 elementor-section-boxed elementor-section-height-default elementor-section-height-default\" data-id=\"0f99170\" data-element_type=\"section\" data-settings=\"{&quot;jet_parallax_layout_list&quot;:[]}\">\n\t\t\t\t\t\t<div class=\"elementor-container elementor-column-gap-default\">\n\t\t\t\t\t<div class=\"elementor-column elementor-col-50 elementor-top-column elementor-element elementor-element-ecbe695\" data-id=\"ecbe695\" data-element_type=\"column\">\n\t\t\t<div class=\"elementor-widget-wrap elementor-element-populated\">\n\t\t\t\t\t\t<div class=\"elementor-element elementor-element-dbabf2b elementor-widget elementor-widget-heading\" data-id=\"dbabf2b\" data-element_type=\"widget\" data-widget_type=\"heading.default\">\n\t\t\t\t<div class=\"elementor-widget-container\">\n\t\t\t<h3 class=\"elementor-heading-title elementor-size-default\">Nuestra Misi\u00f3n<\/h3>\t\t<\/div>\n\t\t\t\t<\/div>\n\t\t\t\t<div class=\"elementor-element elementor-element-e4dec81 elementor-widget elementor-widget-text-editor\" data-id=\"e4dec81\" data-element_type=\"widget\" data-widget_type=\"text-editor.default\">\n\t\t\t\t<div class=\"elementor-widget-container\">\n\t\t\t\t\t\t\t<p>Mejorar vidas a trav\u00e9s de soluciones ortop\u00e9dicas excepcionales y orientaci\u00f3n personalizada. Nuestro compromiso es potenciar la movilidad y la calidad de vida de nuestros clientes con productos confiables y apoyo experto.<\/p>\t\t\t\t\t\t<\/div>\n\t\t\t\t<\/div>\n\t\t\t\t\t<\/div>\n\t\t<\/div>\n\t\t\t\t<div class=\"elementor-column elementor-col-50 elementor-top-column elementor-element elementor-element-169efa8\" data-id=\"169efa8\" data-element_type=\"column\">\n\t\t\t<div class=\"elementor-widget-wrap elementor-element-populated\">\n\t\t\t\t\t\t<div class=\"elementor-element elementor-element-94fae94 elementor-widget elementor-widget-heading\" data-id=\"94fae94\" data-element_type=\"widget\" data-widget_type=\"heading.default\">\n\t\t\t\t<div class=\"elementor-widget-container\">\n\t\t\t<h3 class=\"elementor-heading-title elementor-size-default\">Nuestra Visi\u00f3n<\/h3>\t\t<\/div>\n\t\t\t\t<\/div>\n\t\t\t\t<div class=\"elementor-element elementor-element-9a67cc5 elementor-widget elementor-widget-text-editor\" data-id=\"9a67cc5\" data-element_type=\"widget\" data-widget_type=\"text-editor.default\">\n\t\t\t\t<div class=\"elementor-widget-container\">\n\t\t\t\t\t\t\t<p>Ser l\u00edderes reconocidos en ortopedia, brindando productos de calidad y conocimiento especializado que transformen positivamente la movilidad y el bienestar. Aspiramos a ser un recurso integral que mejore significativamente la calidad de vida de las personas.<\/p>\t\t\t\t\t\t<\/div>\n\t\t\t\t<\/div>\n\t\t\t\t\t<\/div>\n\t\t<\/div>\n\t\t\t\t\t<\/div>\n\t\t<\/section>\n\t\t\t\t<\/div>\n\t\t","protected":false},"excerpt":{"rendered":"<p>En Ortopedia Railen, nos dedicamos apasionadamente a mejorar tu calidad de vida y movilidad. Nuestra misi\u00f3n es empoderarte a trav\u00e9s de soluciones ortop\u00e9dicas personalizadas que se adaptan a tus necesidades \u00fanicas. Ofrecemos una selecci\u00f3n excepcional de productos, desde ayudas para la movilidad hasta \u00f3rtesis de alta calidad, trabajando con marcas l\u00edderes para garantizar productos de [&hellip;]<\/p>\n","protected":false},"author":3,"featured_media":3776,"parent":0,"menu_order":0,"comment_status":"closed","ping_status":"closed","template":"","meta":{"footnotes":""},"_links":{"self":[{"href":"https:\/\/railen.net\/index.php\/wp-json\/wp\/v2\/pages\/3767"}],"collection":[{"href":"https:\/\/railen.net\/index.php\/wp-json\/wp\/v2\/pages"}],"about":[{"href":"https:\/\/railen.net\/index.php\/wp-json\/wp\/v2\/types\/page"}],"author":[{"embeddable":true,"href":"https:\/\/railen.net\/index.php\/wp-json\/wp\/v2\/users\/3"}],"replies":[{"embeddable":true,"href":"https:\/\/railen.net\/index.php\/wp-json\/wp\/v2\/comments?post=3767"}],"version-history":[{"count":11,"href":"https:\/\/railen.net\/index.php\/wp-json\/wp\/v2\/pages\/3767\/revisions"}],"predecessor-version":[{"id":3974,"href":"https:\/\/railen.net\/index.php\/wp-json\/wp\/v2\/pages\/3767\/revisions\/3974"}],"wp:featuredmedia":[{"embeddable":true,"href":"https:\/\/railen.net\/index.php\/wp-json\/wp\/v2\/media\/3776"}],"wp:attachment":[{"href":"https:\/\/railen.net\/index.php\/wp-json\/wp\/v2\/media?parent=3767"}],"curies":[{"name":"wp","href":"https:\/\/api.w.org\/{rel}","templated":true}]}}